{"id":376,"date":"2014-01-08T13:04:21","date_gmt":"2014-01-08T12:04:21","guid":{"rendered":"http:\/\/sonnenbergertreffen.de\/?page_id=376"},"modified":"2014-07-03T14:13:17","modified_gmt":"2014-07-03T13:13:17","slug":"ideen-ideas","status":"publish","type":"page","link":"http:\/\/sonnenbergertreffen.de\/?page_id=376","title":{"rendered":"Ideen &#8211; Ideas"},"content":{"rendered":"<p>Hier ist der Sammelplatz f\u00fcr die Dinge die wir machen wollten.<\/p>\n<ul>\n<li>\u00a0Daily workout sessions. Fr\u00fchsport: Running, walking, TaiChi, &#8230;<\/li>\n<li>Der DIY (do it yourself) Day. Uns waren beim SBT2012 im zusammensein mit Andreas Zieske so viele gute Ideen zur verbesserung des Sonnenbergs gekommen. Leider folgten darauf zu wenige Aktionen. Dieses mal haben wir mehr Zeit, auch f\u00fcr l\u00e4ngere Projekte. Vielleicht ist es etwas wie die Wiese zu m\u00e4hen oder gute Fotos von den Zimmern zu machen. Das Haus zu versch\u00f6nern, in real oder im Internet. Social Media st\u00e4rker zu vernetzen. Etc.\u00a0 Wenn Du ein Thema hast, schick es an admin@sonnenbergertreffen.de oder <a title=\"Sonnenbergertr bei Twitter\" href=\"https:\/\/twitter.com\/Sonnenbergertr\" target=\"_blank\">Mike bei Twitter<\/a><\/li>\n<\/ul>\n<p>&nbsp;<\/p>\n<ul>\n<li>Exkursionen.<\/li>\n<li>Wanderung zum Brocken (Ein beliebter 2012er Klassiker)<\/li>\n<li>In <a title=\"Bad Sachsa\" href=\"http:\/\/www.bad-sachsa.de\/\" target=\"_blank\"><strong>Bad Sachsa<\/strong><\/a>, ins <a title=\"www.salztal-paradies.de\" href=\"http:\/\/www.salztal-paradies.de\/\" target=\"_blank\">Salztalparadies<\/a> schwimmen gehen.<\/li>\n<li>Den <a title=\"http:\/\/www.harz-hochseilgarten.de\/\" href=\"http:\/\/www.harz-hochseilgarten.de\/\">Kletterpark<\/a> in St. Andreasberg besuchen und die 300m Seilrutsche runtersausen.<\/li>\n<\/ul>\n<p><a href=\"http:\/\/sonnenbergertreffen.de\/wp-content\/uploads\/2014\/07\/MysteryKaiserweg2.png\"><img loading=\"lazy\" class=\"alignright size-full wp-image-415\" src=\"http:\/\/sonnenbergertreffen.de\/wp-content\/uploads\/2014\/07\/MysteryKaiserweg2.png\" alt=\"MysteryKaiserweg2\" width=\"400\" height=\"300\" srcset=\"http:\/\/sonnenbergertreffen.de\/wp-content\/uploads\/2014\/07\/MysteryKaiserweg2.png 400w, http:\/\/sonnenbergertreffen.de\/wp-content\/uploads\/2014\/07\/MysteryKaiserweg2-300x225.png 300w\" sizes=\"(max-width: 400px) 100vw, 400px\" \/><\/a><\/p>\n<p>&nbsp;<\/p>\n<p>&nbsp;<\/p>\n<p>English Version:<\/p>\n<p>In this place we&#8217;re collecting ideas .<\/p>\n<p>&nbsp;<\/p>\n","protected":false},"excerpt":{"rendered":"<p>Hier ist der Sammelplatz f\u00fcr die Dinge die wir machen wollten. \u00a0Daily workout sessions. Fr\u00fchsport: Running, walking, TaiChi, &#8230; Der DIY (do it yourself) Day. Uns waren beim SBT2012 im zusammensein mit Andreas Zieske so viele gute Ideen zur verbesserung &hellip; <a href=\"http:\/\/sonnenbergertreffen.de\/?page_id=376\">Weiterlesen <span class=\"meta-nav\">&rarr;<\/span><\/a><\/p>\n","protected":false},"author":1,"featured_media":415,"parent":353,"menu_order":3,"comment_status":"open","ping_status":"open","template":"","meta":{"ngg_post_thumbnail":0},"_links":{"self":[{"href":"http:\/\/sonnenbergertreffen.de\/index.php?rest_route=\/wp\/v2\/pages\/376"}],"collection":[{"href":"http:\/\/sonnenbergertreffen.de\/index.php?rest_route=\/wp\/v2\/pages"}],"about":[{"href":"http:\/\/sonnenbergertreffen.de\/index.php?rest_route=\/wp\/v2\/types\/page"}],"author":[{"embeddable":true,"href":"http:\/\/sonnenbergertreffen.de\/index.php?rest_route=\/wp\/v2\/users\/1"}],"replies":[{"embeddable":true,"href":"http:\/\/sonnenbergertreffen.de\/index.php?rest_route=%2Fwp%2Fv2%2Fcomments&post=376"}],"version-history":[{"count":7,"href":"http:\/\/sonnenbergertreffen.de\/index.php?rest_route=\/wp\/v2\/pages\/376\/revisions"}],"predecessor-version":[{"id":425,"href":"http:\/\/sonnenbergertreffen.de\/index.php?rest_route=\/wp\/v2\/pages\/376\/revisions\/425"}],"up":[{"embeddable":true,"href":"http:\/\/sonnenbergertreffen.de\/index.php?rest_route=\/wp\/v2\/pages\/353"}],"wp:featuredmedia":[{"embeddable":true,"href":"http:\/\/sonnenbergertreffen.de\/index.php?rest_route=\/wp\/v2\/media\/415"}],"wp:attachment":[{"href":"http:\/\/sonnenbergertreffen.de\/index.php?rest_route=%2Fwp%2Fv2%2Fmedia&parent=376"}],"curies":[{"name":"wp","href":"https:\/\/api.w.org\/{rel}","templated":true}]}}