{"id":365,"date":"2014-01-08T12:35:44","date_gmt":"2014-01-08T11:35:44","guid":{"rendered":"http:\/\/sonnenbergertreffen.de\/?page_id=365"},"modified":"2014-07-03T14:11:14","modified_gmt":"2014-07-03T13:11:14","slug":"anmeldung-2014","status":"publish","type":"page","link":"http:\/\/sonnenbergertreffen.de\/?page_id=365","title":{"rendered":"Anmeldung 2014"},"content":{"rendered":"<div id=\"attachment_410\" style=\"width: 410px\" class=\"wp-caption alignright\"><a href=\"http:\/\/sonnenbergertreffen.de\/wp-content\/uploads\/2014\/07\/Brockenbahn.png\"><img aria-describedby=\"caption-attachment-410\" loading=\"lazy\" class=\"size-full wp-image-410\" src=\"http:\/\/sonnenbergertreffen.de\/wp-content\/uploads\/2014\/07\/Brockenbahn.png\" alt=\"Brockenbahn\" width=\"400\" height=\"231\" srcset=\"http:\/\/sonnenbergertreffen.de\/wp-content\/uploads\/2014\/07\/Brockenbahn.png 400w, http:\/\/sonnenbergertreffen.de\/wp-content\/uploads\/2014\/07\/Brockenbahn-300x173.png 300w\" sizes=\"(max-width: 400px) 100vw, 400px\" \/><\/a><p id=\"caption-attachment-410\" class=\"wp-caption-text\">Brockenbahn<\/p><\/div>\n<p>Im Halbjahresprogramm ist das SBT2014 mit dem <a title=\"IHS - Veranstaltungsprogramm\" href=\"http:\/\/93.93.251.82\/de-neu\/templates\/de-neu\/veranstaltungen\/details_de.php?id=438\" target=\"_blank\">folgenden Text<\/a> angek\u00fcndigt.<\/p>\n<p>Die <a title=\"Anmeldeformular\" href=\"http:\/\/93.93.251.82\/de-neu\/templates\/de-neu\/veranstaltungen\/anmeldung_de.php?id=438\" target=\"_blank\">Onlineanmeldung ist hier<\/a>.<\/p>\n<p>Bitte bedenkt, das Kinder in diesem Formular als &#8222;Di\u00e4twunsch&#8220; eingtragen werden m\u00fcssen.<\/p>\n<p>Fragen zur Anmeldung kann man hier stellen: <strong>Telefon: +49 (0) 5582\/ 944 -113<\/strong><br \/>\noder per Mail an <strong>tgv@sonnenberg-international.de<\/strong><\/p>\n<h2><span style=\"font-family: Arial; font-size: small;\">Preise<\/span><\/h2>\n<p><span style=\"font-family: Arial; font-size: small;\">45,00 \u20ac\/Nacht bei Vollverpflegung in allen Zimmerkategorien (Einzelzimmer\/ Doppelzimmer\/Dreibettzimmer)<\/span><\/p>\n<p><span style=\"font-family: Arial; font-size: small;\">Kinder zwischen 4 und 15 Jahren erhalten 30% Erm\u00e4\u00dfigung.<\/span><\/p>\n<p><span style=\"font-family: Arial; font-size: small;\">Es steht Haus A zur Verf\u00fcgung; mit 40 Betten Au\u00dferdem einige Einzelzimmer in Haus C. Au\u00dferdem 1-2 kleinere Tagungsr\u00e4ume stehen f\u00fcr diejenigen zur Verf\u00fcgung, die an Ausfl\u00fcgen nicht mitmachen m\u00f6chten oder k\u00f6nnen. Beidiesen guten Preisen ist der Shuttle nicht enthalten.\u00a0 <\/span><\/p>\n<p><span style=\"font-family: Arial; font-size: small;\">Ihr k\u00f6nnt aber von dem Sonderpreis des IHS bei Taxi Schreier profitieren.30,00 \u20ac f\u00fcr das Taxi zum Sonnenberg, 40,00 \u20ac f\u00fcr den 8-ter-Kleinbus.<br \/>\n<\/span><\/p>\n<p><span style=\"font-family: Arial; font-size: small;\">Au\u00dferdem k\u00f6nnte man ja auch mit den \u00d6ffis zu uns kommen, ab Goslar \u00fcber Clausthal-Zellerfeld f\u00e4hrt der Bus<\/span><\/p>\n<p>&nbsp;<\/p>\n","protected":false},"excerpt":{"rendered":"<p>Im Halbjahresprogramm ist das SBT2014 mit dem folgenden Text angek\u00fcndigt. Die Onlineanmeldung ist hier. Bitte bedenkt, das Kinder in diesem Formular als &#8222;Di\u00e4twunsch&#8220; eingtragen werden m\u00fcssen. Fragen zur Anmeldung kann man hier stellen: Telefon: +49 (0) 5582\/ 944 -113 oder &hellip; <a href=\"http:\/\/sonnenbergertreffen.de\/?page_id=365\">Weiterlesen <span class=\"meta-nav\">&rarr;<\/span><\/a><\/p>\n","protected":false},"author":1,"featured_media":213,"parent":353,"menu_order":0,"comment_status":"open","ping_status":"open","template":"","meta":{"ngg_post_thumbnail":0},"_links":{"self":[{"href":"http:\/\/sonnenbergertreffen.de\/index.php?rest_route=\/wp\/v2\/pages\/365"}],"collection":[{"href":"http:\/\/sonnenbergertreffen.de\/index.php?rest_route=\/wp\/v2\/pages"}],"about":[{"href":"http:\/\/sonnenbergertreffen.de\/index.php?rest_route=\/wp\/v2\/types\/page"}],"author":[{"embeddable":true,"href":"http:\/\/sonnenbergertreffen.de\/index.php?rest_route=\/wp\/v2\/users\/1"}],"replies":[{"embeddable":true,"href":"http:\/\/sonnenbergertreffen.de\/index.php?rest_route=%2Fwp%2Fv2%2Fcomments&post=365"}],"version-history":[{"count":11,"href":"http:\/\/sonnenbergertreffen.de\/index.php?rest_route=\/wp\/v2\/pages\/365\/revisions"}],"predecessor-version":[{"id":423,"href":"http:\/\/sonnenbergertreffen.de\/index.php?rest_route=\/wp\/v2\/pages\/365\/revisions\/423"}],"up":[{"embeddable":true,"href":"http:\/\/sonnenbergertreffen.de\/index.php?rest_route=\/wp\/v2\/pages\/353"}],"wp:featuredmedia":[{"embeddable":true,"href":"http:\/\/sonnenbergertreffen.de\/index.php?rest_route=\/wp\/v2\/media\/213"}],"wp:attachment":[{"href":"http:\/\/sonnenbergertreffen.de\/index.php?rest_route=%2Fwp%2Fv2%2Fmedia&parent=365"}],"curies":[{"name":"wp","href":"https:\/\/api.w.org\/{rel}","templated":true}]}}