{"id":18,"date":"2012-01-28T18:46:39","date_gmt":"2012-01-28T17:46:39","guid":{"rendered":"http:\/\/sonnenbergertreffen.de\/?page_id=18"},"modified":"2013-08-19T20:57:56","modified_gmt":"2013-08-19T19:57:56","slug":"tagungsbeitrag","status":"publish","type":"page","link":"http:\/\/sonnenbergertreffen.de\/?page_id=18","title":{"rendered":"Tagungsbeitrag &#8211; Seminar fee"},"content":{"rendered":"<p>&nbsp;<\/p>\n<ul>\n<li>Preise Haus E (Dieses Haus ist besonders gut f\u00fcr Familien mit Kindern\u00a0geeignet)<\/li>\n<\/ul>\n<p>f\u00fcr 3 \u00dcbernachtungen und Halbpension (Fr\u00fchst\u00fcck und Abendessen): EZ: 167,10\u20ac, DZ: 134,10\u20ac\/Person, Dreibettzimmer:113,10\u20ac\/Person.Die Ausfl\u00fcge und Transferkosten sind NICHT inbegriffen.<\/p>\n<ul>\n<li>Kinder<\/li>\n<\/ul>\n<p>Kinder bis 3 Jahren kostenfrei<br \/>\nKinder 4-10 Jahren 50% des Preises<br \/>\nKinder 11-15 Jahren 75% des Preises<\/p>\n<p>Mittagessen im IHS : Pro Person 9,30\u20ac<\/p>\n<ul>\n<li>Prices Haus E (This house is especially suitable for families with kids)<\/li>\n<\/ul>\n<p>for 3 nights half board (breakfast and dinner included) :<br \/>\nSingle room: 167,10\u20ac, Double room: 134,10\u20ac\/Person, Triple room:113,10\u20ac\/Person. Excursions and transfers are NOT included in this price.<\/p>\n<ul>\n<li>Kids<\/li>\n<\/ul>\n<p>Kids up to 3 years free<br \/>\nKids from\u00a04-10\u00a0years 50%\u00a0reduction<br \/>\nKids from\u00a011-15\u00a0years 25% reduction<\/p>\n<p>Lunch at the IHS: 9,30\u20ac per person<\/p>\n<p>&nbsp;<\/p>\n","protected":false},"excerpt":{"rendered":"<p>&nbsp; Preise Haus E (Dieses Haus ist besonders gut f\u00fcr Familien mit Kindern\u00a0geeignet) f\u00fcr 3 \u00dcbernachtungen und Halbpension (Fr\u00fchst\u00fcck und Abendessen): EZ: 167,10\u20ac, DZ: 134,10\u20ac\/Person, Dreibettzimmer:113,10\u20ac\/Person.Die Ausfl\u00fcge und Transferkosten sind NICHT inbegriffen. Kinder Kinder bis 3 Jahren kostenfrei Kinder 4-10 &hellip; <a href=\"http:\/\/sonnenbergertreffen.de\/?page_id=18\">Weiterlesen <span class=\"meta-nav\">&rarr;<\/span><\/a><\/p>\n","protected":false},"author":1,"featured_media":0,"parent":291,"menu_order":5,"comment_status":"open","ping_status":"open","template":"","meta":{"ngg_post_thumbnail":0},"_links":{"self":[{"href":"http:\/\/sonnenbergertreffen.de\/index.php?rest_route=\/wp\/v2\/pages\/18"}],"collection":[{"href":"http:\/\/sonnenbergertreffen.de\/index.php?rest_route=\/wp\/v2\/pages"}],"about":[{"href":"http:\/\/sonnenbergertreffen.de\/index.php?rest_route=\/wp\/v2\/types\/page"}],"author":[{"embeddable":true,"href":"http:\/\/sonnenbergertreffen.de\/index.php?rest_route=\/wp\/v2\/users\/1"}],"replies":[{"embeddable":true,"href":"http:\/\/sonnenbergertreffen.de\/index.php?rest_route=%2Fwp%2Fv2%2Fcomments&post=18"}],"version-history":[{"count":8,"href":"http:\/\/sonnenbergertreffen.de\/index.php?rest_route=\/wp\/v2\/pages\/18\/revisions"}],"predecessor-version":[{"id":329,"href":"http:\/\/sonnenbergertreffen.de\/index.php?rest_route=\/wp\/v2\/pages\/18\/revisions\/329"}],"up":[{"embeddable":true,"href":"http:\/\/sonnenbergertreffen.de\/index.php?rest_route=\/wp\/v2\/pages\/291"}],"wp:attachment":[{"href":"http:\/\/sonnenbergertreffen.de\/index.php?rest_route=%2Fwp%2Fv2%2Fmedia&parent=18"}],"curies":[{"name":"wp","href":"https:\/\/api.w.org\/{rel}","templated":true}]}}