{"id":10,"date":"2012-01-28T18:33:09","date_gmt":"2012-01-28T17:33:09","guid":{"rendered":"http:\/\/sonnenbergertreffen.de\/?page_id=10"},"modified":"2013-08-19T20:57:24","modified_gmt":"2013-08-19T19:57:24","slug":"programm","status":"publish","type":"page","link":"http:\/\/sonnenbergertreffen.de\/?page_id=10","title":{"rendered":"Programm &#8211; Programme"},"content":{"rendered":"<ul>\n<li>Donnerstag, 26.07.2012<\/li>\n<\/ul>\n<p>17.15 Uhr\u00a0 &#8211;\u00a0 Abfahrt Shuttle-Service ab Bhf. Bad Harzburg (Anmeldung erforderlich, Kosten nicht im Tagungsbeitrag enthalten)<br \/>\n18.30 Uhr\u00a0 &#8211;\u00a0 Gemeinsames Abendessen<br \/>\n19.00-22.15 Uhr\u00a0 &#8211;\u00a0 Gemeinsame kleine Abendwanderung.\u00a0Kellerbar<\/p>\n<ul>\n<li>Freitag, 27.07.2012<\/li>\n<\/ul>\n<p>07:30-08:00 Uhr\u00a0 &#8211;\u00a0 Fr\u00fchsport (Wandern\/Laufen)<br \/>\n08.15-09:00 Uhr\u00a0 &#8211;\u00a0 Gemeinsames Fr\u00fchst\u00fcck IHS<br \/>\n10:00-17.00 Uhr\u00a0 &#8211;\u00a0 Fahrt nach Torfhaus und von dort aus Wanderung zum Brocken. Bei schlechtem Wetter Salztalparadies Bad Sachsa<br \/>\n18.30-19.15 Uhr\u00a0 &#8211;\u00a0 Gemeinsames Abendessen IHS.<br \/>\n19.30-21.00 Uhr &#8211; Vorstellung Ist-Situation Sonnenberg und kleiner Ideenaustausch. Mit Lutz Heinke und Andreas Zieske.<\/p>\n<p>&nbsp;<\/p>\n<ul>\n<li>Samstag, 28.07.2012<\/li>\n<\/ul>\n<p>07:30-08:00 Uhr\u00a0 &#8211;\u00a0 Fr\u00fchsport (Wandern\/Laufen)<br \/>\n08.15-09:00 Uhr\u00a0 &#8211;\u00a0 Gemeinsames Fr\u00fchst\u00fcck IHS<br \/>\n10:00-18.00 Uhr\u00a0 &#8211;\u00a0 Ausflug Rammelsberg Goslar, Mittagessen in Goslar, Nachmittags Luchsf\u00fctterung bei den Rabenklippen in Bad Harzburg.<\/p>\n<p>18.30-19.15 Uhr\u00a0 &#8211;\u00a0 Gemeinsames Abendessen IHS, anschliessen Kellerbar<\/p>\n<ul>\n<li>Sonntag, 29.07.2012<\/li>\n<\/ul>\n<p>07:30-08:00 Uhr\u00a0 &#8211;\u00a0 Fr\u00fchsport (Wandern\/Laufen)<br \/>\n08.15-09:00 Uhr\u00a0 &#8211;\u00a0 Gemeinsames Fr\u00fchst\u00fcck IHS<br \/>\n10:00\u201316:00 Uhr\u00a0 &#8211;\u00a0 Ausflug nach St. Andreasberg zum Hochseilpark\/Sommerrodelbahn, Mittagessen in St. Andreasberg<br \/>\n16.00 Uhr\u00a0 &#8211;\u00a0 Abreise. Die Zimmer m\u00fcssen bis 10 Uhr ger\u00e4umt werden. Der Aufenthalt kann nach Anmeldung bis Montag verl\u00e4ngert werden.<\/p>\n<p><strong>Anmerkung<\/strong><\/p>\n<div>Die Ausfl\u00fcge sind so konzipiert, da\u00df auch Familien mit Kindern teilnehmen k\u00f6nnen. Die Anmeldung zu den Ausfl\u00fcgen erfolgt \u00fcber Aike Klein (<a href=\"mailto:aikeklein@gmail.com\">aikeklein@gmail.com<\/a>)\u00a0\u00a0oder Ulla Fredsgaard (<a href=\"mailto:ullafred@hotmail.com\">ullafred@hotmail.com<\/a>). Je nach Teilnehmern fallen Kosten f\u00fcr die Fahrt, Eintritt, Mittagessen an. F\u00fcr Teilnehmer, die nicht an einem\/mehreren Ausfl\u00fcgen teilnehmen wollen, besteht die M\u00f6glichkeit, nach Anmeldung im IHS Mittag zu essen.<\/div>\n<div><\/div>\n<div><\/div>\n<ul>\n<li>Thursday, 2012-07-26<\/li>\n<\/ul>\n<p>17.15\u00a0h\u00a0 &#8211;\u00a0\u00a0Departure Shuttle-Service\u00a0from\u00a0Train station\u00a0Bad Harzburg (Registration necessary, costs not included in the seminar fee)<br \/>\n18.30\u00a0h\u00a0 &#8211;\u00a0\u00a0Common Dinner<br \/>\n19.00-22.15 h\u00a0 &#8211;\u00a0\u00a0Short walk around the Sonnenberg. Kellerbar<\/p>\n<ul>\n<li>Friday, 2012 &#8211; 07 &#8211; 27<\/li>\n<\/ul>\n<p>07:30-08:00\u00a0h &#8211;\u00a0 Early Morning Exercise (Walking\/Running)<br \/>\n08.15-09:00\u00a0h\u00a0 &#8211;\u00a0 Common Breakfast IHS<br \/>\n10:00-17.00\u00a0h\u00a0 &#8211;\u00a0\u00a0Excursion to the Brocken, departure point Torfhaus for the hikers or Schierke for the steam train. Lunch at Brocken Restaurant. Bad weather alternative: excursion to the Salztalparadies Bad Sachsa (swimming pool, spa, sauna, bowling&#8230;)<br \/>\n18.30-19.15\u00a0h\u00a0 &#8211;\u00a0 Common Dinner IHS.<br \/>\n19.30-21.00 h &#8211; Short introduction of the Sonnenberg situation and interchange of ideas. With Lutz Heinke and Andreas Zieske.\u00a0Kellerbar<\/p>\n<p>&nbsp;<\/p>\n<ul>\n<li>Saturday, 2012 &#8211; 07 &#8211; 28<\/li>\n<\/ul>\n<p>07:30-08:00 h &#8211;\u00a0 Early Morning Exercise (Walking\/Running)<br \/>\n08.15-09:00 h\u00a0 &#8211;\u00a0 Common Breakfast IHS<br \/>\n10:00-18.00\u00a0h\u00a0 &#8211;\u00a0 Excursion to Rammelsberg Goslar,\u00a0Lunch\u00a0in Goslar, Afternoon feeding of the Lynx\u00a0at the Rabenklippen &#8211; Bad Harzburg.<br \/>\n18:30-19:15 h Common Dinner IHS, Kellerbar<\/p>\n<ul>\n<li>Sunday, 2012 &#8211; 07 &#8211; 29<\/li>\n<\/ul>\n<p>07:30-08:00 h &#8211;\u00a0 Early Morning Exercise (Walking\/Running)<br \/>\n08.15-09:00 h\u00a0 &#8211;\u00a0 Common Breakfast IHS<br \/>\n10:00\u201316:00\u00a0h\u00a0 &#8211;\u00a0 Excursion to St. Andreasberg\u00a0High rope park \/Toboggan run. Lunch in St. Andreasberg<br \/>\n16.00 h\u00a0 &#8211;\u00a0 Departure. Rooms have to be left until 10:00h.\u00a0You can stay until monday upon registration.<\/p>\n<p><strong>Note<\/strong><\/p>\n<div>All excursions are designed for families with kids. For registration of the excursions please contact\u00a0 Aike Klein (<a href=\"mailto:aikeklein@gmail.com\">aikeklein@gmail.com<\/a>)\u00a0\u00a0or Ulla Fredsgaard (<a href=\"mailto:ullafred@hotmail.com\">ullafred@hotmail.com<\/a>). Depending on\u00a0the number of participants, the cost of transport, entrances and lunch will be shared. For participants not wanting to take part in one\/several excursions, lunch can be taken at the IHS upon former registration.<\/div>\n<p>&nbsp;<\/p>\n<div><\/div>\n","protected":false},"excerpt":{"rendered":"<p>Donnerstag, 26.07.2012 17.15 Uhr\u00a0 &#8211;\u00a0 Abfahrt Shuttle-Service ab Bhf. Bad Harzburg (Anmeldung erforderlich, Kosten nicht im Tagungsbeitrag enthalten) 18.30 Uhr\u00a0 &#8211;\u00a0 Gemeinsames Abendessen 19.00-22.15 Uhr\u00a0 &#8211;\u00a0 Gemeinsame kleine Abendwanderung.\u00a0Kellerbar Freitag, 27.07.2012 07:30-08:00 Uhr\u00a0 &#8211;\u00a0 Fr\u00fchsport (Wandern\/Laufen) 08.15-09:00 Uhr\u00a0 &#8211;\u00a0 Gemeinsames &hellip; <a href=\"http:\/\/sonnenbergertreffen.de\/?page_id=10\">Weiterlesen <span class=\"meta-nav\">&rarr;<\/span><\/a><\/p>\n","protected":false},"author":1,"featured_media":0,"parent":291,"menu_order":4,"comment_status":"open","ping_status":"open","template":"","meta":{"ngg_post_thumbnail":0},"_links":{"self":[{"href":"http:\/\/sonnenbergertreffen.de\/index.php?rest_route=\/wp\/v2\/pages\/10"}],"collection":[{"href":"http:\/\/sonnenbergertreffen.de\/index.php?rest_route=\/wp\/v2\/pages"}],"about":[{"href":"http:\/\/sonnenbergertreffen.de\/index.php?rest_route=\/wp\/v2\/types\/page"}],"author":[{"embeddable":true,"href":"http:\/\/sonnenbergertreffen.de\/index.php?rest_route=\/wp\/v2\/users\/1"}],"replies":[{"embeddable":true,"href":"http:\/\/sonnenbergertreffen.de\/index.php?rest_route=%2Fwp%2Fv2%2Fcomments&post=10"}],"version-history":[{"count":14,"href":"http:\/\/sonnenbergertreffen.de\/index.php?rest_route=\/wp\/v2\/pages\/10\/revisions"}],"predecessor-version":[{"id":324,"href":"http:\/\/sonnenbergertreffen.de\/index.php?rest_route=\/wp\/v2\/pages\/10\/revisions\/324"}],"up":[{"embeddable":true,"href":"http:\/\/sonnenbergertreffen.de\/index.php?rest_route=\/wp\/v2\/pages\/291"}],"wp:attachment":[{"href":"http:\/\/sonnenbergertreffen.de\/index.php?rest_route=%2Fwp%2Fv2%2Fmedia&parent=10"}],"curies":[{"name":"wp","href":"https:\/\/api.w.org\/{rel}","templated":true}]}}